{"id":132,"date":"2020-09-15T06:48:15","date_gmt":"2020-09-15T06:48:15","guid":{"rendered":"https:\/\/etamstacecilia.com.br\/site\/home\/"},"modified":"2022-12-02T11:57:16","modified_gmt":"2022-12-02T14:57:16","slug":"home","status":"publish","type":"page","link":"https:\/\/etamstacecilia.com.br\/site\/","title":{"rendered":"Inicial"},"content":{"rendered":"\n<div class=\"wp-block-cover alignfull\" style=\"min-height:750px;aspect-ratio:unset;\"><span aria-hidden=\"true\" class=\"wp-block-cover__background has-background-dim\" style=\"background-color:#000000\"><\/span><img loading=\"lazy\" decoding=\"async\" width=\"960\" height=\"599\" class=\"wp-block-cover__image-background wp-image-252\" alt=\"\" src=\"https:\/\/etamstacecilia.com.br\/site\/wp-content\/uploads\/2022\/08\/PRINCIPAL-SITE-OK.jpg\" style=\"object-position:50% 50%\" data-object-fit=\"cover\" data-object-position=\"50% 50%\" srcset=\"https:\/\/etamstacecilia.com.br\/site\/wp-content\/uploads\/2022\/08\/PRINCIPAL-SITE-OK.jpg 960w, https:\/\/etamstacecilia.com.br\/site\/wp-content\/uploads\/2022\/08\/PRINCIPAL-SITE-OK-300x187.jpg 300w, https:\/\/etamstacecilia.com.br\/site\/wp-content\/uploads\/2022\/08\/PRINCIPAL-SITE-OK-768x479.jpg 768w\" sizes=\"auto, (max-width: 960px) 100vw, 960px\" \/><div class=\"wp-block-cover__inner-container is-layout-flow wp-block-cover-is-layout-flow\">\n<h3 class=\"has-text-align-center has-text-color wp-block-heading\" style=\"color:#ffffff\">FA\u00c7A M\u00daSICA OU FA\u00c7A DAN\u00c7A, FA\u00c7A<\/h3>\n\n\n\n<h1 class=\"has-text-align-center has-text-color wp-block-heading\" style=\"color:#ffffff\">ETAM SANTA CEC\u00cdLIA<\/h1>\n\n\n\n<div class=\"wp-block-buttons is-horizontal is-content-justification-center is-layout-flex wp-container-core-buttons-is-layout-03627597 wp-block-buttons-is-layout-flex\">\n<div class=\"wp-block-button\"><a class=\"wp-block-button__link wp-element-button\" href=\"https:\/\/etamstacecilia.com.br\/site\/quem-somos\/\">clique aqui e conhe\u00e7a<\/a><\/div>\n<\/div>\n<\/div><\/div>\n\n\n\n<div class=\"inherit-container-width wp-block-group alignfull has-ast-global-color-4-background-color has-background is-layout-constrained wp-block-group-is-layout-constrained\"><div class=\"wp-block-group__inner-container\">\n<h2 class=\"has-text-align-center wp-block-heading\">eventoS:<\/h2>\n\n\n\n<div class=\"wp-block-media-text alignwide is-stacked-on-mobile is-vertically-aligned-center\" style=\"grid-template-columns:40% auto\"><figure class=\"wp-block-media-text__media\"><img loading=\"lazy\" decoding=\"async\" width=\"1024\" height=\"595\" src=\"https:\/\/etamstacecilia.com.br\/site\/wp-content\/uploads\/2022\/08\/orquestra2-e1661435473676-1024x595.jpg\" alt=\"\" class=\"wp-image-270 size-full\" srcset=\"https:\/\/etamstacecilia.com.br\/site\/wp-content\/uploads\/2022\/08\/orquestra2-e1661435473676-1024x595.jpg 1024w, https:\/\/etamstacecilia.com.br\/site\/wp-content\/uploads\/2022\/08\/orquestra2-e1661435473676-300x174.jpg 300w, https:\/\/etamstacecilia.com.br\/site\/wp-content\/uploads\/2022\/08\/orquestra2-e1661435473676-768x446.jpg 768w, https:\/\/etamstacecilia.com.br\/site\/wp-content\/uploads\/2022\/08\/orquestra2-e1661435473676.jpg 1033w\" sizes=\"auto, (max-width: 1024px) 100vw, 1024px\" \/><\/figure><div class=\"wp-block-media-text__content\">\n<p>Dia 17 de Agosto, durante a festa de 130 anos de emancipa\u00e7\u00e3o pol\u00edtico-administrativa de Taquaritinga, nossa Orquestra se apresentou no palco permanente da Pra\u00e7a Dr. Waldemar D&#8217;Ambr\u00f3sio tocando os cl\u00e1ssicos do Rock.<\/p>\n\n\n\n<div class=\"wp-block-buttons is-content-justification-center is-layout-flex wp-container-core-buttons-is-layout-a89b3969 wp-block-buttons-is-layout-flex\">\n<div class=\"wp-block-button\"><a class=\"wp-block-button__link wp-element-button\">FOTOS Em breve<\/a><\/div>\n<\/div>\n<\/div><\/div>\n\n\n\n<hr class=\"wp-block-separator has-alpha-channel-opacity is-style-dots\"\/>\n\n\n\n<div class=\"wp-block-media-text alignwide has-media-on-the-right is-stacked-on-mobile is-vertically-aligned-center\" style=\"grid-template-columns:auto 40%\"><div class=\"wp-block-media-text__content\">\n<p>Nos dias 15, 16 e 17 de Dezembro de 2021, fizemos parte do evento de apresenta\u00e7\u00e3o das novas instala\u00e7\u00f5es p\u00f3s-reforma e moderniza\u00e7\u00e3o do Cine Teatro S\u00e3o Pedro&#8230; <\/p>\n\n\n\n<div class=\"wp-block-buttons is-content-justification-center is-layout-flex wp-container-core-buttons-is-layout-a89b3969 wp-block-buttons-is-layout-flex\">\n<div class=\"wp-block-button\"><a class=\"wp-block-button__link wp-element-button\" href=\"https:\/\/www.taquaritinga.sp.gov.br\/cidade\/fotos\/de-casa-cheia-cine-sao-pedro-reabre-as-portas-para-a-populacao\" target=\"_blank\" rel=\"noreferrer noopener\">veja como foi<\/a><\/div>\n<\/div>\n<\/div><figure class=\"wp-block-media-text__media\"><img loading=\"lazy\" decoding=\"async\" width=\"1600\" height=\"900\" src=\"https:\/\/etamstacecilia.com.br\/site\/wp-content\/uploads\/2022\/07\/orquestra.jpeg\" alt=\"\" class=\"wp-image-192 size-full\" srcset=\"https:\/\/etamstacecilia.com.br\/site\/wp-content\/uploads\/2022\/07\/orquestra.jpeg 1600w, https:\/\/etamstacecilia.com.br\/site\/wp-content\/uploads\/2022\/07\/orquestra-300x169.jpeg 300w, https:\/\/etamstacecilia.com.br\/site\/wp-content\/uploads\/2022\/07\/orquestra-1024x576.jpeg 1024w, https:\/\/etamstacecilia.com.br\/site\/wp-content\/uploads\/2022\/07\/orquestra-768x432.jpeg 768w, https:\/\/etamstacecilia.com.br\/site\/wp-content\/uploads\/2022\/07\/orquestra-1536x864.jpeg 1536w\" sizes=\"auto, (max-width: 1600px) 100vw, 1600px\" \/><\/figure><\/div>\n<\/div><\/div>\n\n\n\n<div class=\"inherit-container-width wp-block-group alignfull has-ast-global-color-5-background-color has-background is-layout-constrained wp-block-group-is-layout-constrained\"><div class=\"wp-block-group__inner-container\">\n<div class=\"wp-block-columns alignwide is-layout-flex wp-container-core-columns-is-layout-28f84493 wp-block-columns-is-layout-flex\">\n<div class=\"wp-block-column is-layout-flow wp-block-column-is-layout-flow\">\n<div class=\"inherit-container-width wp-block-group is-layout-constrained wp-block-group-is-layout-constrained\"><div class=\"wp-block-group__inner-container\">\n<div class=\"wp-block-buttons is-horizontal is-content-justification-center is-layout-flex wp-container-core-buttons-is-layout-03627597 wp-block-buttons-is-layout-flex\"><\/div>\n<\/div><\/div>\n<\/div>\n<\/div>\n<\/div><\/div>\n\n\n\n<div class=\"wp-block-cover alignfull is-light has-parallax\" style=\"min-height:600px;aspect-ratio:unset;\"><span aria-hidden=\"true\" class=\"wp-block-cover__background has-background-dim\" style=\"background-color:#000000\"><\/span><div role=\"img\" class=\"wp-block-cover__image-background wp-image-185 has-parallax\" style=\"background-position:50% 50%;background-image:url(https:\/\/etamstacecilia.com.br\/site\/wp-content\/uploads\/2022\/07\/g_19_7_25_17122021111751.jpeg)\"><\/div><div class=\"wp-block-cover__inner-container is-layout-flow wp-block-cover-is-layout-flow\">\n<div class=\"wp-block-columns alignwide are-vertically-aligned-center is-layout-flex wp-container-core-columns-is-layout-28f84493 wp-block-columns-is-layout-flex\">\n<div class=\"wp-block-column is-vertically-aligned-center is-layout-flow wp-block-column-is-layout-flow\">\n<h2 class=\"has-text-align-center has-text-color wp-block-heading\" style=\"color:#ffffff\">dance !<\/h2>\n\n\n\n<hr class=\"wp-block-separator has-text-color has-css-opacity has-background is-style-dots\" style=\"background-color:#ffffff;color:#ffffff\"\/>\n\n\n\n<h3 class=\"has-text-align-center has-text-color wp-block-heading\" style=\"color:#ffffff\"><strong>Dan\u00e7ar<\/strong>&nbsp;\u00e9 desenhar com o corpo o poema que habita na alma!<\/h3>\n<\/div>\n<\/div>\n<\/div><\/div>\n\n\n\n<div class=\"wp-block-cover alignfull is-light has-parallax\" style=\"min-height:600px;aspect-ratio:unset;\"><span aria-hidden=\"true\" class=\"wp-block-cover__background has-background-dim\" style=\"background-color:#000000\"><\/span><div role=\"img\" class=\"wp-block-cover__image-background wp-image-192 has-parallax\" style=\"background-position:50% 50%;background-image:url(https:\/\/etamstacecilia.com.br\/site\/wp-content\/uploads\/2022\/07\/orquestra.jpeg)\"><\/div><div class=\"wp-block-cover__inner-container is-layout-flow wp-block-cover-is-layout-flow\">\n<div class=\"wp-block-columns alignwide are-vertically-aligned-center is-layout-flex wp-container-core-columns-is-layout-28f84493 wp-block-columns-is-layout-flex\">\n<div class=\"wp-block-column is-vertically-aligned-center is-layout-flow wp-block-column-is-layout-flow\">\n<h2 class=\"has-text-align-center has-text-color wp-block-heading\" style=\"color:#ffffff\">toque !<\/h2>\n\n\n\n<hr class=\"wp-block-separator has-text-color has-css-opacity has-background is-style-dots\" style=\"background-color:#ffffff;color:#ffffff\"\/>\n\n\n\n<h3 class=\"has-text-align-center has-text-color wp-block-heading\" style=\"color:#ffffff\"><strong>A m\u00fasica \u00e9 o espelho da alma e a voz do cora\u00e7\u00e3o!<\/strong><\/h3>\n<\/div>\n<\/div>\n<\/div><\/div>\n\n\n\n<div class=\"inherit-container-width wp-block-group alignfull has-white-background-color has-background is-layout-constrained wp-block-group-is-layout-constrained\"><div class=\"wp-block-group__inner-container\"><\/div><\/div>\n","protected":false},"excerpt":{"rendered":"<p>eventoS: Dia 17 de Agosto, durante a festa de 130 anos de emancipa\u00e7\u00e3o pol\u00edtico-administrativa de Taquaritinga, nossa Orquestra se apresentou no palco permanente da Pra\u00e7a Dr. Waldemar D&#8217;Ambr\u00f3sio tocando os cl\u00e1ssicos do Rock. Nos dias 15, 16 e 17 de Dezembro de 2021, fizemos parte do evento de apresenta\u00e7\u00e3o das novas instala\u00e7\u00f5es p\u00f3s-reforma e moderniza\u00e7\u00e3o &hellip;<\/p>\n<p class=\"read-more\"> <a class=\"\" href=\"https:\/\/etamstacecilia.com.br\/site\/\"> <span class=\"screen-reader-text\">Inicial<\/span> Leia mais &raquo;<\/a><\/p>\n","protected":false},"author":2,"featured_media":0,"parent":0,"menu_order":0,"comment_status":"closed","ping_status":"closed","template":"","meta":{"site-sidebar-layout":"no-sidebar","site-content-layout":"plain-container","ast-global-header-display":"","ast-main-header-display":"","ast-hfb-above-header-display":"","ast-hfb-below-header-display":"","ast-hfb-mobile-header-display":"","site-post-title":"disabled","ast-breadcrumbs-content":"","ast-featured-img":"","footer-sml-layout":"","theme-transparent-header-meta":"enabled","adv-header-id-meta":"","stick-header-meta":"","header-above-stick-meta":"","header-main-stick-meta":"","header-below-stick-meta":"","footnotes":""},"class_list":["post-132","page","type-page","status-publish","hentry"],"_links":{"self":[{"href":"https:\/\/etamstacecilia.com.br\/site\/wp-json\/wp\/v2\/pages\/132","targetHints":{"allow":["GET"]}}],"collection":[{"href":"https:\/\/etamstacecilia.com.br\/site\/wp-json\/wp\/v2\/pages"}],"about":[{"href":"https:\/\/etamstacecilia.com.br\/site\/wp-json\/wp\/v2\/types\/page"}],"author":[{"embeddable":true,"href":"https:\/\/etamstacecilia.com.br\/site\/wp-json\/wp\/v2\/users\/2"}],"replies":[{"embeddable":true,"href":"https:\/\/etamstacecilia.com.br\/site\/wp-json\/wp\/v2\/comments?post=132"}],"version-history":[{"count":30,"href":"https:\/\/etamstacecilia.com.br\/site\/wp-json\/wp\/v2\/pages\/132\/revisions"}],"predecessor-version":[{"id":343,"href":"https:\/\/etamstacecilia.com.br\/site\/wp-json\/wp\/v2\/pages\/132\/revisions\/343"}],"wp:attachment":[{"href":"https:\/\/etamstacecilia.com.br\/site\/wp-json\/wp\/v2\/media?parent=132"}],"curies":[{"name":"wp","href":"https:\/\/api.w.org\/{rel}","templated":true}]}}