{"id":130,"date":"2020-09-15T06:48:51","date_gmt":"2020-09-15T09:48:51","guid":{"rendered":"https:\/\/etamstacecilia.com.br\/site\/services\/"},"modified":"2022-08-01T11:21:54","modified_gmt":"2022-08-01T14:21:54","slug":"quem-somos","status":"publish","type":"page","link":"https:\/\/etamstacecilia.com.br\/site\/quem-somos\/","title":{"rendered":"Quem Somos"},"content":{"rendered":"\n<div class=\"wp-block-cover alignfull\" style=\"min-height:550px;aspect-ratio:unset;\"><span aria-hidden=\"true\" class=\"wp-block-cover__background has-background-dim\" style=\"background-color:#000000\"><\/span><img loading=\"lazy\" decoding=\"async\" width=\"960\" height=\"641\" class=\"wp-block-cover__image-background wp-image-211\" alt=\"\" src=\"https:\/\/etamstacecilia.com.br\/site\/wp-content\/uploads\/2022\/07\/80724347_1080962212074347_9205109294746304512_n.jpg\" data-object-fit=\"cover\" srcset=\"https:\/\/etamstacecilia.com.br\/site\/wp-content\/uploads\/2022\/07\/80724347_1080962212074347_9205109294746304512_n.jpg 960w, https:\/\/etamstacecilia.com.br\/site\/wp-content\/uploads\/2022\/07\/80724347_1080962212074347_9205109294746304512_n-300x200.jpg 300w, https:\/\/etamstacecilia.com.br\/site\/wp-content\/uploads\/2022\/07\/80724347_1080962212074347_9205109294746304512_n-768x513.jpg 768w\" sizes=\"auto, (max-width: 960px) 100vw, 960px\" \/><div class=\"wp-block-cover__inner-container is-layout-flow wp-block-cover-is-layout-flow\">\n<h1 class=\"has-text-align-center has-text-color wp-block-heading\" style=\"color:#ffffff\">Quem somos<\/h1>\n<\/div><\/div>\n\n\n\n<div class=\"inherit-container-width wp-block-group alignfull has-white-background-color has-background is-layout-constrained wp-block-group-is-layout-constrained\"><div class=\"wp-block-group__inner-container\">\n<hr class=\"wp-block-separator has-text-color has-ast-global-color-0-color has-css-opacity has-ast-global-color-0-background-color has-background aligncenter\"\/>\n\n\n\n<p>             <\/p>\n\n\n\n<p>             Somos a ETAM \u201cSanta Cec\u00edlia\u201d, ou melhor, somos a\u00a0<strong>E<\/strong>scola\u00a0<strong>T<\/strong>\u00e9cnica de\u00a0<strong>A<\/strong>rte\u00a0<strong>M<\/strong>unicipal \u201cSanta Cecilia\u201d de Taquaritinga \u2013 SP \u2013 uma escola de m\u00fasica e dan\u00e7a, tendo como mantenedora a prefeitura local e est\u00e1 vinculada \u00e0 Secretaria Municipal de Educa\u00e7\u00e3o.<\/p>\n\n\n\n<p>             Nosso principal objetivo \u00e9 a forma\u00e7\u00e3o t\u00e9cnica profissional de m\u00fasicos e bailarinos.<\/p>\n\n\n\n<p>&nbsp;&nbsp;&nbsp;&nbsp;&nbsp;&nbsp;&nbsp;&nbsp;&nbsp;&nbsp;&nbsp;&nbsp;&nbsp;Fundada desde 1932 como conservat\u00f3rio municipal passou a ser escola t\u00e9cnica em 1978 passando assim a profissionalizar seus formandos.<br>Com 90 anos de forma\u00e7\u00e3o e difus\u00e3o cultural, muito respeitada tanto na regi\u00e3o noroeste de S\u00e3o Paulo, como tamb\u00e9m conhecida em outras regi\u00f5es e estados. Seus 22 cursos distintos, todos gratuitos, tem dura\u00e7\u00e3o media de 5 anos, al\u00e9m de 3 anos t\u00e9cnicos nos cursos de ballet cl\u00e1ssico, piano, teclado, bateria e guitarra el\u00e9trica. Seus alunos s\u00e3o participativos, est\u00e3o sempre presentes em eventos art\u00edsticos dentro e fora da cidade.<\/p>\n\n\n\n<p>&nbsp;&nbsp;&nbsp;&nbsp;&nbsp;&nbsp;&nbsp;&nbsp;&nbsp;&nbsp;&nbsp;&nbsp;&nbsp;Contando com um pr\u00e9dio hist\u00f3rico constru\u00eddo em 1923 e com uma media de 900 anos entre musica e dan\u00e7a, possui salas de aula capacitadas para atender a todos os cursos, formando assim professores aptos a ministrarem aulas ou seguirem a carreira art\u00edstica.<\/p>\n\n\n\n<p>A<strong>&nbsp;ETAM,&nbsp;<\/strong>conta ainda com v\u00e1rios projetos, dentre eles:<\/p>\n\n\n\n<ul class=\"wp-block-list\"><li><strong>Cia de dan\u00e7a \u201cFrancisco Duarte\u201d:<\/strong> com objetivo de incentivar nossas bailarinas \u00e0 arte de dan\u00e7ar, nos mais variados palcos, fazendo com que adquiram experi\u00eancia e melhorem cada vez mais seu n\u00edvel t\u00e9cnico;<\/li><li><strong>Dona Dan\u00e7a:<\/strong>\u00a0Para alunas da melhor idade;<\/li><li><strong>Toque de crian\u00e7a:<\/strong>\u00a0Curso de musicaliza\u00e7\u00e3o para crian\u00e7as a partir de 6 anos de idade, com dura\u00e7\u00e3o de 2 anos, onde o aluno poder\u00e1 &#8211; ap\u00f3s este per\u00edodo &#8211;  migrar para o curso de sua prefer\u00eancia;<\/li><li><strong>Projeto Bandas<\/strong>: promover a aproxima\u00e7\u00e3o entre os alunos e o ambiente escolar, elevando o n\u00edvel t\u00e9cnico e art\u00edstico das execu\u00e7\u00f5es musicais;<\/li><li><strong>Orquestra Municipal ETAM Santa Cec\u00edlia:<\/strong>\u00a0Formada por alunos, professores e pessoas da comunidade;<\/li><li><strong>Coral Anjos e Vozes:\u00a0<\/strong>Aberto aos alunos e pessoas da comunidade;<\/li><li><strong>Seresteiros da Viola<\/strong>: Formado por professores, alunos, violeiros, violonistas e pessoas da comunidade;<\/li><li><strong>Flauteando \u201cV\u00e9ra Aloe<\/strong>: grupo de flautas formado por professores com o objetivo de promover concertos, recitais did\u00e1ticos e forma\u00e7\u00e3o de p\u00fablico;<\/li><li><strong>Projeto de M\u00fasica e Dan\u00e7a nas Escolas<\/strong>: esse projeto atende as crian\u00e7as das escolas municipais de tempo integral.<\/li><\/ul>\n\n\n\n<p>\u00a0\u00a0\u00a0\u00a0\u00a0\u00a0\u00a0\u00a0\u00a0\u00a0\u00a0\u00a0\u00a0Al\u00e9m do ensino de alta qualidade, a ETAM atende pedidos de v\u00e1rios \u00f3rg\u00e3os p\u00fablicos, tamb\u00e9m de entidades e institui\u00e7\u00f5es para levar suas apresenta\u00e7\u00f5es e assim divulgar o trabalho desenvolvido por professores e alunos. Tamb\u00e9m temos no cronograma: recitais, festivais, formaturas e apresenta\u00e7\u00f5es internas.<\/p>\n\n\n\n<p>\u00a0\u00a0\u00a0\u00a0\u00a0\u00a0\u00a0\u00a0\u00a0\u00a0\u00a0\u00a0\u00a0Por conta de sua import\u00e2ncia no cen\u00e1rio cultural, a ETAM contribui de forma essencial para que Taquaritinga se torne conhecida em todo o estado de S\u00e3o Paulo, e porque n\u00e3o dizer em quase todo o Brasil.<\/p>\n\n\n\n<p class=\"has-text-align-center\"><strong>\u201cFa\u00e7a musica ou fa\u00e7a dan\u00e7a, fa\u00e7a ETAM\u201d<\/strong><\/p>\n\n\n\n<div class=\"wp-block-columns is-layout-flex wp-container-core-columns-is-layout-28f84493 wp-block-columns-is-layout-flex\">\n<div class=\"wp-block-column is-layout-flow wp-block-column-is-layout-flow\"><\/div>\n<\/div>\n<\/div><\/div>\n","protected":false},"excerpt":{"rendered":"<p>Somos a ETAM \u201cSanta Cec\u00edlia\u201d, ou melhor, somos a\u00a0Escola\u00a0T\u00e9cnica de\u00a0Arte\u00a0Municipal \u201cSanta Cecilia\u201d de Taquaritinga \u2013 SP \u2013 uma escola de m\u00fasica e dan\u00e7a, tendo como mantenedora a prefeitura local e est\u00e1 vinculada \u00e0 Secretaria Municipal de Educa\u00e7\u00e3o. Nosso principal objetivo \u00e9 a forma\u00e7\u00e3o t\u00e9cnica profissional de m\u00fasicos e bailarinos. &nbsp;&nbsp;&nbsp;&nbsp;&nbsp;&nbsp;&nbsp;&nbsp;&nbsp;&nbsp;&nbsp;&nbsp;&nbsp;Fundada desde 1932 como conservat\u00f3rio municipal &hellip;<\/p>\n<p class=\"read-more\"> <a class=\"\" href=\"https:\/\/etamstacecilia.com.br\/site\/quem-somos\/\"> <span class=\"screen-reader-text\">Quem Somos<\/span> Leia mais &raquo;<\/a><\/p>\n","protected":false},"author":2,"featured_media":0,"parent":0,"menu_order":0,"comment_status":"closed","ping_status":"closed","template":"","meta":{"site-sidebar-layout":"no-sidebar","site-content-layout":"plain-container","ast-global-header-display":"","ast-main-header-display":"","ast-hfb-above-header-display":"","ast-hfb-below-header-display":"","ast-hfb-mobile-header-display":"","site-post-title":"disabled","ast-breadcrumbs-content":"","ast-featured-img":"","footer-sml-layout":"","theme-transparent-header-meta":"enabled","adv-header-id-meta":"","stick-header-meta":"","header-above-stick-meta":"","header-main-stick-meta":"","header-below-stick-meta":"","footnotes":""},"class_list":["post-130","page","type-page","status-publish","hentry"],"_links":{"self":[{"href":"https:\/\/etamstacecilia.com.br\/site\/wp-json\/wp\/v2\/pages\/130","targetHints":{"allow":["GET"]}}],"collection":[{"href":"https:\/\/etamstacecilia.com.br\/site\/wp-json\/wp\/v2\/pages"}],"about":[{"href":"https:\/\/etamstacecilia.com.br\/site\/wp-json\/wp\/v2\/types\/page"}],"author":[{"embeddable":true,"href":"https:\/\/etamstacecilia.com.br\/site\/wp-json\/wp\/v2\/users\/2"}],"replies":[{"embeddable":true,"href":"https:\/\/etamstacecilia.com.br\/site\/wp-json\/wp\/v2\/comments?post=130"}],"version-history":[{"count":7,"href":"https:\/\/etamstacecilia.com.br\/site\/wp-json\/wp\/v2\/pages\/130\/revisions"}],"predecessor-version":[{"id":263,"href":"https:\/\/etamstacecilia.com.br\/site\/wp-json\/wp\/v2\/pages\/130\/revisions\/263"}],"wp:attachment":[{"href":"https:\/\/etamstacecilia.com.br\/site\/wp-json\/wp\/v2\/media?parent=130"}],"curies":[{"name":"wp","href":"https:\/\/api.w.org\/{rel}","templated":true}]}}