{"id":129,"date":"2020-09-15T06:48:39","date_gmt":"2020-09-15T06:48:39","guid":{"rendered":"https:\/\/etamstacecilia.com.br\/site\/projects\/"},"modified":"2022-12-07T16:48:49","modified_gmt":"2022-12-07T19:48:49","slug":"nossa-historia","status":"publish","type":"page","link":"https:\/\/etamstacecilia.com.br\/site\/nossa-historia\/","title":{"rendered":"Nossa Hist\u00f3ria"},"content":{"rendered":"\n<div class=\"wp-block-cover alignfull\" style=\"min-height:550px;aspect-ratio:unset;\"><span aria-hidden=\"true\" class=\"wp-block-cover__background has-background-dim\" style=\"background-color:#000000\"><\/span><img loading=\"lazy\" decoding=\"async\" width=\"1600\" height=\"900\" class=\"wp-block-cover__image-background wp-image-192\" alt=\"\" src=\"https:\/\/etamstacecilia.com.br\/site\/wp-content\/uploads\/2022\/07\/orquestra.jpeg\" data-object-fit=\"cover\" srcset=\"https:\/\/etamstacecilia.com.br\/site\/wp-content\/uploads\/2022\/07\/orquestra.jpeg 1600w, https:\/\/etamstacecilia.com.br\/site\/wp-content\/uploads\/2022\/07\/orquestra-300x169.jpeg 300w, https:\/\/etamstacecilia.com.br\/site\/wp-content\/uploads\/2022\/07\/orquestra-1024x576.jpeg 1024w, https:\/\/etamstacecilia.com.br\/site\/wp-content\/uploads\/2022\/07\/orquestra-768x432.jpeg 768w, https:\/\/etamstacecilia.com.br\/site\/wp-content\/uploads\/2022\/07\/orquestra-1536x864.jpeg 1536w\" sizes=\"auto, (max-width: 1600px) 100vw, 1600px\" \/><div class=\"wp-block-cover__inner-container is-layout-flow wp-block-cover-is-layout-flow\">\n<h1 class=\"has-text-align-center has-text-color wp-block-heading\" style=\"color:#ffffff\">conhe\u00e7a nossa hist\u00f3ria<\/h1>\n<\/div><\/div>\n\n\n\n<div class=\"inherit-container-width wp-block-group alignfull has-white-background-color has-background is-layout-constrained wp-block-group-is-layout-constrained\"><div class=\"wp-block-group__inner-container\">\n<h6 class=\"has-text-align-center wp-block-heading\">Veja abaixo nossa revista em comemora\u00e7\u00e3o aos 90 anos da institui\u00e7\u00e3o<\/h6>\n\n\n\n<p><strong>Dicas:<\/strong><br>Caso as p\u00e1ginas da revista n\u00e3o carreguem no primeiro acesso, por favor atualize o site ou <a href=\"https:\/\/etamstacecilia.com.br\/site\/nossa-historia\/\" data-type=\"URL\" data-id=\"https:\/\/etamstacecilia.com.br\/site\/nossa-historia\/\">clique aqui para recarregar<\/a>;<br>Clique nas p\u00e1ginas da revista ou nas setas laterais para passar ou voltar as p\u00e1ginas;<br>Para facilitar a leitura, utilize a barra de controle (abaixo da revista) para aumentar ou diminuir o zoom, deixar em tela cheia ou ativar\/desativar o \u00edndice;<br>Se preferir, clique nos 3 pontinhos da barra de controle fa\u00e7a o download em PDF para ver diretamente no seu dispositivo;<\/p>\n\n\n<div class=\"_df_book df-lite\" id=\"df_274\"  data-title=\"revista-etam\" _slug=\"revista-etam\" wpoptions=\"true\" thumbtype=\"bg\" ><p class=\"df-raw-loading\">Please wait while flipbook is loading. For more related info, FAQs and issues please refer to <a href=\"https:\/\/wordpress.org\/plugins\/3d-flipbook-dflip-lite\/#installation\">DearFlip WordPress Flipbook Plugin Help<\/a> documentation.<\/p><\/div><script class=\"df-shortcode-script\" type=\"application\/javascript\">window.option_df_274 = {\"outline\":[],\"backgroundColor\":\"#FFFFFF\",\"forceFit\":\"true\",\"autoEnableOutline\":\"false\",\"autoEnableThumbnail\":\"false\",\"overwritePDFOutline\":\"false\",\"direction\":\"1\",\"pageSize\":\"0\",\"source\":\"https:\\\/\\\/etamstacecilia.com.br\\\/site\\\/wp-content\\\/uploads\\\/2023\\\/01\\\/1_compressed.pdf\",\"wpOptions\":\"true\"}; if(window.DFLIP && window.DFLIP.parseBooks){window.DFLIP.parseBooks();}<\/script>\n\n\n\n<hr class=\"wp-block-separator has-alpha-channel-opacity\"\/>\n<\/div><\/div>\n","protected":false},"excerpt":{"rendered":"<p>Veja abaixo nossa revista em comemora\u00e7\u00e3o aos 90 anos da institui\u00e7\u00e3o Dicas:Caso as p\u00e1ginas da revista n\u00e3o carreguem no primeiro acesso, por favor atualize o site ou clique aqui para recarregar;Clique nas p\u00e1ginas da revista ou nas setas laterais para passar ou voltar as p\u00e1ginas;Para facilitar a leitura, utilize a barra de controle (abaixo da &hellip;<\/p>\n<p class=\"read-more\"> <a class=\"\" href=\"https:\/\/etamstacecilia.com.br\/site\/nossa-historia\/\"> <span class=\"screen-reader-text\">Nossa Hist\u00f3ria<\/span> Leia mais &raquo;<\/a><\/p>\n","protected":false},"author":2,"featured_media":0,"parent":0,"menu_order":0,"comment_status":"closed","ping_status":"closed","template":"","meta":{"site-sidebar-layout":"no-sidebar","site-content-layout":"plain-container","ast-global-header-display":"","ast-main-header-display":"","ast-hfb-above-header-display":"","ast-hfb-below-header-display":"","ast-hfb-mobile-header-display":"","site-post-title":"disabled","ast-breadcrumbs-content":"","ast-featured-img":"","footer-sml-layout":"","theme-transparent-header-meta":"enabled","adv-header-id-meta":"","stick-header-meta":"","header-above-stick-meta":"","header-main-stick-meta":"","header-below-stick-meta":"","footnotes":""},"class_list":["post-129","page","type-page","status-publish","hentry"],"_links":{"self":[{"href":"https:\/\/etamstacecilia.com.br\/site\/wp-json\/wp\/v2\/pages\/129","targetHints":{"allow":["GET"]}}],"collection":[{"href":"https:\/\/etamstacecilia.com.br\/site\/wp-json\/wp\/v2\/pages"}],"about":[{"href":"https:\/\/etamstacecilia.com.br\/site\/wp-json\/wp\/v2\/types\/page"}],"author":[{"embeddable":true,"href":"https:\/\/etamstacecilia.com.br\/site\/wp-json\/wp\/v2\/users\/2"}],"replies":[{"embeddable":true,"href":"https:\/\/etamstacecilia.com.br\/site\/wp-json\/wp\/v2\/comments?post=129"}],"version-history":[{"count":11,"href":"https:\/\/etamstacecilia.com.br\/site\/wp-json\/wp\/v2\/pages\/129\/revisions"}],"predecessor-version":[{"id":335,"href":"https:\/\/etamstacecilia.com.br\/site\/wp-json\/wp\/v2\/pages\/129\/revisions\/335"}],"wp:attachment":[{"href":"https:\/\/etamstacecilia.com.br\/site\/wp-json\/wp\/v2\/media?parent=129"}],"curies":[{"name":"wp","href":"https:\/\/api.w.org\/{rel}","templated":true}]}}